{"id":594,"date":"2016-05-01T10:47:15","date_gmt":"2016-05-01T10:47:15","guid":{"rendered":"http:\/\/dvv.se\/islamiskhalsa\/?page_id=594"},"modified":"2016-05-10T11:08:23","modified_gmt":"2016-05-10T11:08:23","slug":"for-de-sma","status":"publish","type":"page","link":"https:\/\/dvv.se\/islamiskhalsa\/for-de-sma\/","title":{"rendered":"F\u00f6r de sm\u00e5"},"content":{"rendered":"<p>[ess_grid alias=&#8221;f\u00f6rdesm\u00e5&#8221;]<\/p>\n","protected":false},"excerpt":{"rendered":"<p>[ess_grid alias=&#8221;f\u00f6rdesm\u00e5&#8221;]<\/p>\n","protected":false},"author":3,"featured_media":0,"parent":0,"menu_order":0,"comment_status":"closed","ping_status":"closed","template":"","meta":[],"_links":{"self":[{"href":"https:\/\/dvv.se\/islamiskhalsa\/wp-json\/wp\/v2\/pages\/594"}],"collection":[{"href":"https:\/\/dvv.se\/islamiskhalsa\/wp-json\/wp\/v2\/pages"}],"about":[{"href":"https:\/\/dvv.se\/islamiskhalsa\/wp-json\/wp\/v2\/types\/page"}],"author":[{"embeddable":true,"href":"https:\/\/dvv.se\/islamiskhalsa\/wp-json\/wp\/v2\/users\/3"}],"replies":[{"embeddable":true,"href":"https:\/\/dvv.se\/islamiskhalsa\/wp-json\/wp\/v2\/comments?post=594"}],"version-history":[{"count":1,"href":"https:\/\/dvv.se\/islamiskhalsa\/wp-json\/wp\/v2\/pages\/594\/revisions"}],"predecessor-version":[{"id":595,"href":"https:\/\/dvv.se\/islamiskhalsa\/wp-json\/wp\/v2\/pages\/594\/revisions\/595"}],"wp:attachment":[{"href":"https:\/\/dvv.se\/islamiskhalsa\/wp-json\/wp\/v2\/media?parent=594"}],"curies":[{"name":"wp","href":"https:\/\/api.w.org\/{rel}","templated":true}]}}